{"id":51,"date":"2025-10-28T08:44:21","date_gmt":"2025-10-28T07:44:21","guid":{"rendered":"https:\/\/nakljucje7.eu\/about\/"},"modified":"2026-03-25T14:29:11","modified_gmt":"2026-03-25T13:29:11","slug":"about","status":"publish","type":"page","link":"https:\/\/nakljucje7.eu\/at\/about\/","title":{"rendered":"Projekt"},"content":{"rendered":"\n\n\n\n<h3>St\u00e4rkung des gegenseitigen Vertrauens, insbesondere durch die F\u00f6rderung von Ma\u00dfnahmen im Zusammenhang mit Projekten zur Vernetzung von Menschen<\/h3>\n\n\n\n\nRendezvous extended: TRYST\nDas Projekt befasst sich mit der gemeinsamen Herausforderung, gegenseitiges Verst\u00e4ndnis und Zusammenarbeit in der Grenzregion zu f\u00f6rdern. Es nutzt Kunst als Mittel, um sensible gesellschaftliche Themen auf innovative und provokative Weise zu behandeln. Im Programmgebiet besteht eine Kluft zwischen st\u00e4dtischen und l\u00e4ndlichen R\u00e4umen, in denen marginalisierte Gruppen h\u00e4ufig st\u00e4rkerer Diskriminierung und sozialer Isolation ausgesetzt sind. Dar\u00fcber hinaus ist die grenz\u00fcberschreitende Zusammenarbeit zwischen kulturellen Institutionen begrenzt, was die Verbreitung innovativer Praktiken und die Schaffung neuer Kooperationsm\u00f6glichkeiten im Bereich Kunst und Kultur erschwert.\n<div class=\"flex flex-col text-sm pb-25\"><section class=\"text-token-text-primary w-full focus:outline-none [--shadow-height:45px] has-data-writing-block:pointer-events-none has-data-writing-block:-mt-(--shadow-height) has-data-writing-block:pt-(--shadow-height) [&#038;:has([data-writing-block])>*]:pointer-events-auto scroll-mt-[calc(var(&#8211;header-height)+min(200px,max(70px,20svh)))]&#8220; dir=&#8220;auto&#8220; data-turn-id=&#8220;request-69c3ce21-1228-8396-b598-38f5d8aa5dc5-18&#8243; data-testid=&#8220;conversation-turn-80&#8243; data-scroll-anchor=&#8220;true&#8220; data-turn=&#8220;assistant&#8220;><div class=\"text-base my-auto mx-auto pb-10 [--thread-content-margin:var(--thread-content-margin-xs,calc(var(--spacing)*4))] @w-sm\/main:[--thread-content-margin:var(--thread-content-margin-sm,calc(var(--spacing)*6))] @w-lg\/main:[--thread-content-margin:var(--thread-content-margin-lg,calc(var(--spacing)*16))] px-(--thread-content-margin)\"><div class=\"[--thread-content-max-width:40rem] @w-lg\/main:[--thread-content-max-width:48rem] mx-auto max-w-(--thread-content-max-width) flex-1 group\/turn-messages focus-visible:outline-hidden relative flex w-full min-w-0 flex-col agent-turn\"><div class=\"flex max-w-full flex-col gap-4 grow\"><div data-message-author-role=\"assistant\" data-message-id=\"be753dbb-dd88-4eed-8e3b-a97b82faadf1\" dir=\"auto\" data-message-model-slug=\"gpt-5-3\" class=\"min-h-8 text-message relative flex w-full flex-col items-end gap-2 text-start break-words whitespace-normal outline-none keyboard-focused:focus-ring [.text-message+&#038;]:mt-1\" data-turn-start-message=\"true\" tabindex=\"0\"><div class=\"flex w-full flex-col gap-1 empty:hidden\"><div class=\"markdown prose dark:prose-invert w-full wrap-break-word light markdown-new-styling\"><p data-start=\"210\" data-end=\"435\" data-is-last-node=\"\" data-is-only-node=\"\">Durch die Einbindung zeitgen\u00f6ssischer k\u00fcnstlerischer Praktiken wie Performances, multimedialer Werke, Skulpturen und Malerei \u00fcberschreiten wir klassische Ausstellungsformate und f\u00f6rdern die aktive Beteiligung des Publikums.<\/p><\/div><\/div><\/div><\/div><div class=\"z-0 flex min-h-[46px] justify-start\"><\/div><div class=\"mt-3 w-full empty:hidden\"><div class=\"text-center\"><\/div><\/div><\/div><\/div><\/section><\/div><p><\/p>\n<p>Das Projekt basiert auf der Umsetzung einer gemeinsamen Ausstellung, die in Zusammenarbeit von K\u00fcnstlern aus Slowenien und \u00d6sterreich vorbereitet wird und in der sie ihre k\u00fcnstlerischen Praktiken und Ans\u00e4tze zur Auseinandersetzung mit gesellschaftlichen Herausforderungen verbinden. Durch ihre Arbeiten werden die K\u00fcnstler die Grenzen zwischen Wissenschaft, gesellschaftlichen Stereotypen und k\u00fcnstlerischem Ausdruck erforschen und so ein einzigartiges k\u00fcnstlerisches Erlebnis f\u00fcr die Besucher schaffen.<\/p>\n<p>Damit er\u00f6ffnet das Projekt ein neues Kapitel in der grenz\u00fcberschreitenden k\u00fcnstlerischen Produktion und tr\u00e4gt zu einem besseren Verst\u00e4ndnis komplexer gesellschaftlicher Fragestellungen bei, die beide L\u00e4nder betreffen.<\/p>\n\n\n\n\n\n\nAllgemeines Projektziel\n<div class=\"flex flex-col text-sm pb-25\"><section class=\"text-token-text-primary w-full focus:outline-none [--shadow-height:45px] has-data-writing-block:pointer-events-none has-data-writing-block:-mt-(--shadow-height) has-data-writing-block:pt-(--shadow-height) [&#038;:has([data-writing-block])>*]:pointer-events-auto scroll-mt-[calc(var(&#8211;header-height)+min(200px,max(70px,20svh)))]&#8220; dir=&#8220;auto&#8220; data-turn-id=&#8220;request-69c3ce21-1228-8396-b598-38f5d8aa5dc5-26&#8243; data-testid=&#8220;conversation-turn-96&#8243; data-scroll-anchor=&#8220;true&#8220; data-turn=&#8220;assistant&#8220;><div class=\"text-base my-auto mx-auto pb-10 [--thread-content-margin:var(--thread-content-margin-xs,calc(var(--spacing)*4))] @w-sm\/main:[--thread-content-margin:var(--thread-content-margin-sm,calc(var(--spacing)*6))] @w-lg\/main:[--thread-content-margin:var(--thread-content-margin-lg,calc(var(--spacing)*16))] px-(--thread-content-margin)\"><div class=\"[--thread-content-max-width:40rem] @w-lg\/main:[--thread-content-max-width:48rem] mx-auto max-w-(--thread-content-max-width) flex-1 group\/turn-messages focus-visible:outline-hidden relative flex w-full min-w-0 flex-col agent-turn\"><div class=\"flex max-w-full flex-col gap-4 grow\"><div data-message-author-role=\"assistant\" data-message-id=\"15528df3-8c91-4563-9e70-829c3f4aeb60\" dir=\"auto\" data-message-model-slug=\"gpt-5-3\" class=\"min-h-8 text-message relative flex w-full flex-col items-end gap-2 text-start break-words whitespace-normal outline-none keyboard-focused:focus-ring [.text-message+&#038;]:mt-1\" data-turn-start-message=\"true\" tabindex=\"0\"><div class=\"flex w-full flex-col gap-1 empty:hidden\"><div class=\"markdown prose dark:prose-invert w-full wrap-break-word light markdown-new-styling\"><p data-start=\"198\" data-end=\"457\" data-is-last-node=\"\" data-is-only-node=\"\">Das allgemeine Ziel besteht darin, das Bewusstsein f\u00fcr Stereotype zu sch\u00e4rfen und die soziale Inklusion im grenz\u00fcberschreitenden Raum zu verbessern, indem der Fokus auf Gruppen gelegt wird, die in der Gesellschaft mehr Akzeptanz und Unterst\u00fctzung ben\u00f6tigen.<\/p><\/div><\/div><\/div><\/div><div class=\"z-0 flex min-h-[46px] justify-start\"><\/div><div class=\"mt-3 w-full empty:hidden\"><div class=\"text-center\"><\/div><\/div><\/div><\/div><\/section><\/div>\n\n\n\n\n\n\n<h3 _ngcontent-ohi-c312=\"\" style=\"max-width: 50rem;\">Relevanz und Kontext<\/h3>\n\u2192 Das Projekt befasst sich mit wichtigen territorialen Herausforderungen im grenz\u00fcberschreitenden Raum Sloweniens und \u00d6sterreichs, in dem weiterhin gesellschaftliche Spaltungen und Vorurteile gegen\u00fcber marginalisierten Gruppen wie LGBTQ+-Gemeinschaften, Migranten, Menschen mit psychischen Erkrankungen und anderen Minderheiten bestehen.\n\n\n\n\n\n\nGemeinsame Herausforderungen\nDie Herausforderungen, die das Projekt anspricht, umfassen einen Mangel an interkulturellem Dialog, ein unzureichendes Verst\u00e4ndnis marginalisierter Gruppen sowie deren ungleiche Behandlung in sozialen, kulturellen und wirtschaftlichen Kontexten.\n\n\n\n\n\n\nGrenz\u00fcberschreitende Zusammenarbeit Slowenien \u2013 \u00d6sterreich\nDie Erfahrung zeigt, dass zwei Kulturzentren langfristig erfolgreich arbeiten k\u00f6nnen; dennoch k\u00f6nnen sie trotz ihrer geografischen N\u00e4he ihre Ergebnisse nicht spontan miteinander teilen oder sie ihrer eigenen sowie der breiteren lokalen Gemeinschaft zug\u00e4nglich machen. Der Grund daf\u00fcr ist \u2013 neben der nicht unerheblichen Sprachbarriere \u2013 das Fehlen pers\u00f6nlicher Beziehungen. Lokale kulturelle Zusammenarbeit in kleinerem Umfang schafft Vertrauen und wirkt als Katalysator f\u00fcr eine breitere regionale und nationale Zusammenarbeit.\n\n\n<p data-start=\"1156\" data-end=\"1828\">Vernetzung und gemeinsame Produktion bilden die Grundlage unseres Programms. Die Projektpartner sind aktiv und leisten einen bedeutenden Beitrag zur kulturellen Produktion sowohl auf nationaler als auch auf lokaler Ebene. In Grenzregionen erm\u00f6glicht internationale Zusammenarbeit v\u00f6llig neue Inhalte und Projekte, die aus zwei Gr\u00fcnden wichtig sind:<\/p>\n<p>\u2013 zur Verbindung von Kulturen, die einen gemeinsamen Raum, eine gemeinsame Geschichte, Kulinarik, Grenze und Tradition teilen\u2026 Durch die Umsetzung gemeinsamer Produktionen f\u00f6rdern die Partner einen neuen, gemeinsamen Ansatz der Zusammenarbeit im Bereich der intermedialen Kunst, Musik sowie der visuellen K\u00fcnste und Medien.<\/p>\n<p>\u2013 die kulturelle Produktion wird durch internationale Zusammenarbeit professionalisiert und auf ein h\u00f6heres Niveau gehoben; sie ist nicht mehr nur eine lokale, folkloristische Freizeitaktivit\u00e4t, sondern er\u00f6ffnet M\u00f6glichkeiten f\u00fcr den Eintritt in internationale M\u00e4rkte.<\/p>\n\n\n\n\nZiel und Mission unseres Projekts sind es, die Anzahl gemeinsamer Projekte und Programme zu erh\u00f6hen und durch Workshops, Vernetzung, Medienarbeit und Austausch M\u00f6glichkeiten f\u00fcr die Schaffung eines gemeinsamen Kunstmarktes und Kooperationen zu er\u00f6ffnen.\n<p>Ohne grenz\u00fcberschreitende Zusammenarbeit ist dies nicht m\u00f6glich, da wir im lokalen Raum verbleiben, der weder das Wachstum und die Entwicklung einer Institution noch die individuelle Kreativit\u00e4t erm\u00f6glicht.<\/p>\n<p>Der Mehrwert f\u00fcr die Partner zeigte sich bereits in der Vorbereitungsphase des Projekts, da wir die Organisation und Struktur der Partnerinstitutionen kennenlernen konnten. F\u00fcr Teilnehmende und K\u00fcnstler besteht der Mehrwert in einer erh\u00f6hten Anzahl internationaler Kontakte in ihrem T\u00e4tigkeitsfeld, besseren M\u00f6glichkeiten zum Verkauf von Urheberrechten und Kunstwerken sowie erweiterten Chancen f\u00fcr Auftritte und Pr\u00e4sentationen im Ausland.<\/p>\n\n\nZielgruppen\n\n\n<h2>Interessensgruppen, einschlie\u00dflich Nichtregierungsorganisationen<\/h2><h2><\/h2>\n<p>Nichtregierungsorganisationen (NGOs) in Slowenien und \u00d6sterreich spielen eine wichtige Rolle bei der Bew\u00e4ltigung von Themen wie Marginalisierung, Menschenrechten, Gleichstellung von LGBTQ+-Personen, psychischer Gesundheit und sozialer Ausgrenzung. Das Projekt erm\u00f6glicht eine grenz\u00fcberschreitende Zusammenarbeit zwischen NGOs in diesen Bereichen und schafft eine neue Plattform f\u00fcr den Austausch von Wissen, Praktiken und Erfahrungen auf beiden Seiten der Grenze. Die Zusammenarbeit mit K\u00fcnstlern und kulturellen Institutionen hilft NGOs dabei, innovative Ans\u00e4tze zur Ansprache marginalisierter Gruppen durch Kunst und kulturelle Veranstaltungen zu entwickeln.<\/p>\n<p>Die Zusammenarbeit der NGOs wird entscheidend f\u00fcr die Verbreitung der Projektergebnisse sein, da sie die Zielgruppen, mit denen sie bereits arbeiten, direkt einbeziehen k\u00f6nnen. Grenz\u00fcberschreitende Zusammenarbeit erm\u00f6glicht es, gemeinsame gesellschaftliche Herausforderungen in beiden L\u00e4ndern anzugehen und L\u00f6sungen zu entwickeln, die auf Erfahrungen eines Landes basieren und erfolgreich auf das andere \u00fcbertragen werden k\u00f6nnen.<\/p>\n<h2>Anderes<\/h2>\n<p>Die Partner werden juristische Personen von beiden Seiten der Grenze in die Umsetzung des Projekts einbinden, wodurch die Zusammenarbeit nachhaltig wird und \u00fcber den Kulturbereich hinaus auch Tourismus, die Entwicklung neuer Produkte sowie zahlreiche weitere Formen des zwischenmenschlichen Austauschs umfasst.<\/p>\n<p>Grenz\u00fcberschreitende juristische Personen wie Kulturvereine, Jugendzentren, Kulturzentren, Verlage und Musikproduzenten werden zu unseren Veranstaltungen zum interaktiven Networking eingeladen. Wir sind \u00fcberzeugt, dass daraus in naher Zukunft \u00e4u\u00dferst positive Projekte entstehen k\u00f6nnen.<\/p>\n<p>Die Partner geh\u00f6ren zu den ersten grenz\u00fcberschreitenden juristischen Personen, die sich zur gemeinsamen Umsetzung eines Projekts auf beiden Seiten der Grenze zusammenschlie\u00dfen.<\/p>\n\n\n\n\n<h2>Breite \u00d6ffentlichkeit<\/h2>\nDie breite \u00d6ffentlichkeit hat gro\u00dfes Potenzial, durch Sensibilisierung und Bildung zu Marginalisierung gesellschaftliche Ver\u00e4nderungen zu bewirken. Die Ausstellung und begleitenden Veranstaltungen werden so konzipiert, dass sie ein breites Publikum aus beiden L\u00e4ndern ansprechen. Durch den Einsatz von Kunst k\u00f6nnen Besucher Themen wie soziale Vorurteile, Marginalisierung, psychische Gesundheit, LGBTQ+-Rechte und Migration auf eine Weise erkunden, die Reflexion und Empathie f\u00f6rdert.\n<p>Die breite \u00d6ffentlichkeit wird von einer innovativen k\u00fcnstlerischen Erfahrung profitieren, die die Herausforderungen marginalisierter Gruppen durch Malerei, Skulptur, Fotografie und Performances sichtbar macht.<\/p>\n<p>K\u00fcnstlerische Veranstaltungen werden so gestaltet, dass sie den Besuchern ein vertieftes Verst\u00e4ndnis dieser Themen erm\u00f6glichen und sie dazu anregen, \u00fcber ihre eigenen Vorurteile und ihre Rolle in der Gesellschaft nachzudenken.<\/p>\n<p>Neben k\u00fcnstlerischen Veranstaltungen umfasst das Projekt auch Bildungsworkshops und Rundtischgespr\u00e4che, bei denen die \u00d6ffentlichkeit an Diskussionen mit K\u00fcnstlern, Experten und NGO-Vertretern teilnehmen kann.<\/p>\n<p>Das Projekt erm\u00f6glicht einen breiteren Zugang zu k\u00fcnstlerischen und kulturellen Veranstaltungen und erh\u00f6ht damit die kulturelle Teilhabe in beiden L\u00e4ndern. Die Ausstellungen werden so gestaltet, dass sie f\u00fcr verschiedene Zielgruppen zug\u00e4nglich sind, darunter Jugendliche, \u00e4ltere Menschen und Minderheiten, was zu mehr Inklusion und Vielfalt im kulturellen Raum beitr\u00e4gt.<\/p>\n<p>Die \u00d6ffentlichkeit wird die M\u00f6glichkeit haben, durch Kunst eine gr\u00f6\u00dfere Sensibilit\u00e4t f\u00fcr marginalisierte Gruppen zu entwickeln und zur Schaffung einer inklusiveren und toleranteren Gesellschaft im grenz\u00fcberschreitenden Raum beizutragen.<\/p>\n\n\n\n\n\n\nProjektpartner\nDie Partnerschaftsstruktur basiert auf einer engen Zusammenarbeit zweier bedeutender kultureller und k\u00fcnstlerischer Institutionen aus Slowenien und \u00d6sterreich, die \u00fcber umfangreiche Erfahrungen in den Bereichen Kunst, gesellschaftliche Themen und grenz\u00fcberschreitende Zusammenarbeit verf\u00fcgen.\n<p>Der Beitrag jedes Partners ist auf seine Erfahrungen, lokalen Netzwerke und seine F\u00e4higkeit zur Mobilisierung der Gemeinschaft abgestimmt, was eine effektive Zielerreichung und nachhaltige Ergebnisse erm\u00f6glicht.<\/p>\n<p>Die gemeinsame Zusammenarbeit tr\u00e4gt zum Aufbau nachhaltiger Verbindungen zwischen Institutionen auf beiden Seiten der Grenze bei, was f\u00fcr die langfristige Einbindung marginalisierter Gruppen und die Verbreitung der Projektergebnisse entscheidend ist. Gleichzeitig erm\u00f6glicht sie es, lokale Grenzen zu \u00fcberwinden und eine breitere europ\u00e4ische Dimension zu erreichen sowie einen erweiterten Zugang zu k\u00fcnstlerischen und Bildungsressourcen und den Transfer von Praktiken und Methoden zu gew\u00e4hrleisten.<\/p>\n<p>Dies erh\u00f6ht die Effizienz und stellt sicher, dass die Ergebnisse in verschiedenen kulturellen und gesellschaftlichen Kontexten angewendet werden k\u00f6nnen. Durch grenz\u00fcberschreitende Zusammenarbeit erm\u00f6glichen die Partner eine Anpassung des Projekts an die spezifischen Bed\u00fcrfnisse beider L\u00e4nder und schaffen gleichzeitig breitere europ\u00e4ische Verbindungen, die zur nachhaltigen Entwicklung und Umsetzung des Projekts beitragen.<\/p>\n<p data-start=\"191\" data-end=\"503\">Die Planung und Umsetzung gemeinsamer Veranstaltungen, die Schaffung neuer Werke sowie kollaborative Prozesse zwischen K\u00fcnstlern stellen eine neue kreative T\u00e4tigkeit dar, die zu einer dauerhaften Arbeitsform wird. Wir vernetzen aktiv K\u00fcnstler unterschiedlicher Ausdrucksformen und \u00c4sthetiken, um gemeinsam neue, interdisziplin\u00e4re Produktionen zu entwickeln.<\/p>\n<p data-start=\"505\" data-end=\"845\">Koproduktion entsteht als Antwort auf die Herausforderungen, mit denen Kreative und der gesamte Kultursektor konfrontiert sind. Wir erkennen, dass die Produktionsbedingungen oft \u00e4hnlich und typisch f\u00fcr Grenzregionen sind \u2013 sehen darin jedoch eine Chance. Wir verwandeln Einschr\u00e4nkungen in einen Ausgangspunkt f\u00fcr die Entwicklung neuer Ideen, Kooperationen und realisierter Projekte.<\/p>\n<p data-start=\"847\" data-end=\"1214\">Durch gemeinsames Handeln erweitern wir die M\u00f6glichkeiten zur Sichtbarkeit und Anerkennung k\u00fcnstlerischer Praktiken. Zusammenarbeit bringt gr\u00f6\u00dfere \u00d6ffentlichkeitswirksamkeit mit sich, unterst\u00fctzt durch positive \u00f6ffentliche Aufmerksamkeit auch im grenz\u00fcberschreitenden Raum, und erm\u00f6glicht eine leichtere und nat\u00fcrlichere kreative Etablierung im erweiterten europ\u00e4ischen Kontext. Unser Ziel ist es, ein verbindendes, offenes und nachhaltiges Umfeld f\u00fcr k\u00fcnstlerisches Wachstum und Dialog zu schaffen.<\/p>\n<p>Das \u00fcbergeordnete Ziel des Projekts ist die Schaffung einer nachhaltigen Plattform f\u00fcr k\u00fcnstlerische und gesellschaftliche Zusammenarbeit, in der marginalisierte Gruppen die M\u00f6glichkeit haben, aktiv an kulturellen Aktivit\u00e4ten teilzunehmen und zur Sensibilisierung f\u00fcr Stereotype und Ausgrenzung beizutragen.<\/p>\n\n\n\n\n<p>Lorem Ipsum has been the industry&#8217;s standard dummy text ever since the 1500s.<\/p>\n\n\nZavod za kulturo Naklju\u010dje 7\nLeitpartner\nDer Beitrag von Naklju\u010dje 7 Maribor zum Projekt umfasst die Organisation und Durchf\u00fchrung einer k\u00fcnstlerischen Veranstaltung in Slowenien, an der K\u00fcnstler, NGOs und Gemeinschaften von beiden Seiten der Grenze beteiligt sind.\n<p>Durch unser bestehendes Partnernetzwerk erm\u00f6glichen wir die aktive Einbindung lokaler Gruppen in die Projektaktivit\u00e4ten und stellen sicher, dass das Projekt einen direkten Einfluss auf die betroffenen Gemeinschaften hat.<\/p>\n\n\n\n\n<p>Lorem Ipsum has been the industry&#8217;s standard dummy text ever since the 1500s.<\/p>\n\n\nSchaumbad &#8211; Freies Atelierhaus Graz\nPartner\n<p> Ihre Rolle im Projekt konzentriert sich auf die St\u00e4rkung der grenz\u00fcberschreitenden Zusammenarbeit zwischen K\u00fcnstlern aus \u00d6sterreich und Slowenien.<\/p>\n<p>Schaumbad \u2013 Freies Atelierhaus Graz ist eine der f\u00fchrenden k\u00fcnstlerischen Institutionen in Graz und vereint ein breites Netzwerk von K\u00fcnstlern, Kuratoren und Kulturschaffenden.<\/p>\n\n\n\n\n<p>Lorem Ipsum has been the industry&#8217;s standard dummy text ever since the 1500s.<\/p>\n\n\nArtists&#038;Poors\nAssoziierter Partner\n<p>Artists &#038; Poor\u2019s ist ein Tandem f\u00fcr intermediale Kunst und visuelle Produktion. Es besteht aus Nina Jeza, Kunsthistorikerin und Kuratorin, sowie Petja Jan\u017eekovi\u010d, Magister der Philosophie.<\/p>\n<p>Sie arbeiten im Bereich der bildenden Kunst und der Intermedia \u2013 das bedeutet, dass sie die traditionellen Grenzen der bildenden Kunst (Malerei, Skulptur) \u00fcberschreiten und verschiedene Medien, Performance und neue Technologien einbeziehen.<\/p>\n\n\n\n","protected":false},"excerpt":{"rendered":"","protected":false},"author":1,"featured_media":0,"parent":0,"menu_order":0,"comment_status":"closed","ping_status":"closed","template":"","meta":{"pagelayer_contact_templates":[],"_pagelayer_content":"","footnotes":""},"class_list":["post-51","page","type-page","status-publish","hentry"],"_links":{"self":[{"href":"https:\/\/nakljucje7.eu\/at\/wp-json\/wp\/v2\/pages\/51","targetHints":{"allow":["GET"]}}],"collection":[{"href":"https:\/\/nakljucje7.eu\/at\/wp-json\/wp\/v2\/pages"}],"about":[{"href":"https:\/\/nakljucje7.eu\/at\/wp-json\/wp\/v2\/types\/page"}],"author":[{"embeddable":true,"href":"https:\/\/nakljucje7.eu\/at\/wp-json\/wp\/v2\/users\/1"}],"replies":[{"embeddable":true,"href":"https:\/\/nakljucje7.eu\/at\/wp-json\/wp\/v2\/comments?post=51"}],"version-history":[{"count":44,"href":"https:\/\/nakljucje7.eu\/at\/wp-json\/wp\/v2\/pages\/51\/revisions"}],"predecessor-version":[{"id":443,"href":"https:\/\/nakljucje7.eu\/at\/wp-json\/wp\/v2\/pages\/51\/revisions\/443"}],"wp:attachment":[{"href":"https:\/\/nakljucje7.eu\/at\/wp-json\/wp\/v2\/media?parent=51"}],"curies":[{"name":"wp","href":"https:\/\/api.w.org\/{rel}","templated":true}]}}